{"id":8284,"date":"2012-04-26T19:08:42","date_gmt":"2012-04-26T17:08:42","guid":{"rendered":"http:\/\/www.pornoanwalt.de\/?page_id=8284"},"modified":"2015-09-24T17:22:42","modified_gmt":"2015-09-24T15:22:42","slug":"uber","status":"publish","type":"page","link":"https:\/\/pornoanwalt.de\/?page_id=8284","title":{"rendered":"\u00dcber"},"content":{"rendered":"<p>&nbsp;<\/p>\n<p><strong>\u00dcber das Blog<\/strong><\/p>\n<p>Wenn Sitte und Moral auf Recht und Gesetz treffen, wenn erotische Skurrilit\u00e4ten zu juristischen Konflikten f\u00fchren, wenn Beh\u00f6rden und Gerichte \u00fcber Pornografie entscheiden, wenn Sittenw\u00e4chter und Jugendsch\u00fctzer \u00fcbers Ziel hinausschie\u00dfen, wenn vorauseilender Gehorsam und andere \u00c4ngstlichkeiten zu Selbstzensur f\u00fchren und wenn sich nach langer Zeit der Giftschrank\u00a0\u00f6ffnet, dann landet die Angelegenheit in diesem Blog.<\/p>\n<p><strong>\u00dcber mich<\/strong><\/p>\n<p>Als Anwalt berate ich Mandanten aus der Erotikbranche, seit 2002. Davor war ich als Jurist bei AOL Deutschland in der Rechtsabteilung t\u00e4tig. Schwerpunktm\u00e4\u00dfig befasse ich mich mit Medienrecht, Jugendschutz und Strafverteidigung. F\u00fcr den Bundesverband Erotikhandel bin ich ehrenamtlicher Beisitzer der <a href=\"http:\/\/www.bundespruefstelle.de\">Bundespr\u00fcfstelle f\u00fcr jugendgef\u00e4hrdende Medien<\/a>, seit 2007. Zudem bin ich Gr\u00fcndungsmitglied\u00a0des <a href=\"http:\/\/www.jusprog.de\">JusProg e.V.<\/a>\u00a0und im Rechtshilfefond-Beirat des <a href=\"http:\/\/www.hydra-berlin.de\">Hydra e.V.<\/a>.<\/p>\n<p>Rechtsanwalt Marko D\u00f6rre<\/p>\n<p>&nbsp;<\/p>\n<p>&nbsp;<\/p>\n<p>&nbsp;<\/p>\n","protected":false},"excerpt":{"rendered":"<p>&nbsp; \u00dcber das Blog Wenn Sitte und Moral auf Recht und Gesetz treffen, wenn erotische Skurrilit\u00e4ten zu juristischen Konflikten f\u00fchren, wenn Beh\u00f6rden und Gerichte \u00fcber Pornografie entscheiden, wenn Sittenw\u00e4chter und Jugendsch\u00fctzer \u00fcbers Ziel hinausschie\u00dfen, wenn vorauseilender Gehorsam und andere \u00c4ngstlichkeiten zu Selbstzensur f\u00fchren und wenn sich nach langer Zeit der Giftschrank\u00a0\u00f6ffnet, dann landet die Angelegenheit [&hellip;]<\/p>\n","protected":false},"author":1,"featured_media":0,"parent":0,"menu_order":3,"comment_status":"closed","ping_status":"closed","template":"","meta":{"footnotes":""},"class_list":["post-8284","page","type-page","status-publish","hentry"],"_links":{"self":[{"href":"https:\/\/pornoanwalt.de\/index.php?rest_route=\/wp\/v2\/pages\/8284","targetHints":{"allow":["GET"]}}],"collection":[{"href":"https:\/\/pornoanwalt.de\/index.php?rest_route=\/wp\/v2\/pages"}],"about":[{"href":"https:\/\/pornoanwalt.de\/index.php?rest_route=\/wp\/v2\/types\/page"}],"author":[{"embeddable":true,"href":"https:\/\/pornoanwalt.de\/index.php?rest_route=\/wp\/v2\/users\/1"}],"replies":[{"embeddable":true,"href":"https:\/\/pornoanwalt.de\/index.php?rest_route=%2Fwp%2Fv2%2Fcomments&post=8284"}],"version-history":[{"count":45,"href":"https:\/\/pornoanwalt.de\/index.php?rest_route=\/wp\/v2\/pages\/8284\/revisions"}],"predecessor-version":[{"id":11576,"href":"https:\/\/pornoanwalt.de\/index.php?rest_route=\/wp\/v2\/pages\/8284\/revisions\/11576"}],"wp:attachment":[{"href":"https:\/\/pornoanwalt.de\/index.php?rest_route=%2Fwp%2Fv2%2Fmedia&parent=8284"}],"curies":[{"name":"wp","href":"https:\/\/api.w.org\/{rel}","templated":true}]}}