{"id":2,"date":"2008-10-10T16:34:09","date_gmt":"2008-10-10T14:34:09","guid":{"rendered":"http:\/\/www.pornoanwalt.de\/?page_id=2"},"modified":"2026-02-03T20:35:49","modified_gmt":"2026-02-03T19:35:49","slug":"impressum","status":"publish","type":"page","link":"https:\/\/pornoanwalt.de\/?page_id=2","title":{"rendered":"Impressum"},"content":{"rendered":"<p>Rechtsanwalt<br \/>\nMarko D\u00f6rre<\/p>\n<p><a href=\"mailto:mail@doerre.com\">mail@doerre.com<\/a><br \/>\n<a href=\"http:\/\/www.doerre.com\" target=\"_blank\" rel=\"noopener\">http:\/\/doerre.com<\/a><\/p>\n<p>Marienstr. 8<br \/>\n10117 Berlin<\/p>\n<p>Telefon 030 \/ 4005 4499<\/p>\n<p>Mitglied der <a href=\"http:\/\/www.rak-berlin.de\">Berliner Rechtsanwaltskammer<\/a><\/p>\n<p>Gesetzliche Berufsbezeichnung ist Rechtsanwalt. Verleihungsstaat ist die Bundesrepublik Deutschland. Berufshaftpflichtversicherung besteht bei HDI Versicherung AG, HDI-Platz 1, 30659 Hannover. Es gelten berufsrechtliche Regelungen, die \u00fcber die <a href=\"http:\/\/www.brak.de\" target=\"_blank\" rel=\"noopener\">BRAK<\/a> zug\u00e4nglich sind:<\/p>\n<p>&#8211; Berufsordnung f\u00fcr Rechtsanw\u00e4lte (BORA)<br \/>\n&#8211; Bundesrechtsanwaltsordnung (BRAO)<br \/>\n&#8211; Berufsregeln der Rechtsanw\u00e4lte der Europ\u00e4ischen Union (CCBE-Berufsregeln)<\/p>\n<p>USt-ID: DE 222 444 514<\/p>\n","protected":false},"excerpt":{"rendered":"<p>Rechtsanwalt Marko D\u00f6rre mail@doerre.com http:\/\/doerre.com Marienstr. 8 10117 Berlin Telefon 030 \/ 4005 4499 Mitglied der Berliner Rechtsanwaltskammer Gesetzliche Berufsbezeichnung ist Rechtsanwalt. Verleihungsstaat ist die Bundesrepublik Deutschland. Berufshaftpflichtversicherung besteht bei HDI Versicherung AG, HDI-Platz 1, 30659 Hannover. Es gelten berufsrechtliche Regelungen, die \u00fcber die BRAK zug\u00e4nglich sind: &#8211; Berufsordnung f\u00fcr Rechtsanw\u00e4lte (BORA) &#8211; Bundesrechtsanwaltsordnung (BRAO) [&hellip;]<\/p>\n","protected":false},"author":1,"featured_media":0,"parent":0,"menu_order":2,"comment_status":"closed","ping_status":"closed","template":"","meta":{"footnotes":""},"class_list":["post-2","page","type-page","status-publish","hentry"],"_links":{"self":[{"href":"https:\/\/pornoanwalt.de\/index.php?rest_route=\/wp\/v2\/pages\/2","targetHints":{"allow":["GET"]}}],"collection":[{"href":"https:\/\/pornoanwalt.de\/index.php?rest_route=\/wp\/v2\/pages"}],"about":[{"href":"https:\/\/pornoanwalt.de\/index.php?rest_route=\/wp\/v2\/types\/page"}],"author":[{"embeddable":true,"href":"https:\/\/pornoanwalt.de\/index.php?rest_route=\/wp\/v2\/users\/1"}],"replies":[{"embeddable":true,"href":"https:\/\/pornoanwalt.de\/index.php?rest_route=%2Fwp%2Fv2%2Fcomments&post=2"}],"version-history":[{"count":45,"href":"https:\/\/pornoanwalt.de\/index.php?rest_route=\/wp\/v2\/pages\/2\/revisions"}],"predecessor-version":[{"id":12391,"href":"https:\/\/pornoanwalt.de\/index.php?rest_route=\/wp\/v2\/pages\/2\/revisions\/12391"}],"wp:attachment":[{"href":"https:\/\/pornoanwalt.de\/index.php?rest_route=%2Fwp%2Fv2%2Fmedia&parent=2"}],"curies":[{"name":"wp","href":"https:\/\/api.w.org\/{rel}","templated":true}]}}